{"id":45437,"date":"2023-07-14T08:56:51","date_gmt":"2023-07-14T08:56:51","guid":{"rendered":"https:\/\/dev.bespeco.it\/prodotto\/ad10-2\/"},"modified":"2025-03-17T09:58:22","modified_gmt":"2025-03-17T09:58:22","slug":"ad10","status":"publish","type":"product","link":"https:\/\/dev.bespeco.it\/en\/prodotti\/ad10\/","title":{"rendered":"AD10 &#8211; Adapter from \u00d8 6,3 mm mono jack plug to \u00d8 6,3 mm stereo jack socket"},"content":{"rendered":"","protected":false},"excerpt":{"rendered":"<p>Adapter from \u00d8 6,3 mm diameter mono jack plug to \u00d8 6,3 mm diameter stereo jack socket.<\/p>\n","protected":false},"featured_media":33440,"template":"","meta":{"_acf_changed":false},"product_brand":[],"product_cat":[2139,2200],"product_tag":[],"class_list":{"0":"post-45437","1":"product","2":"type-product","3":"status-publish","4":"has-post-thumbnail","6":"product_cat-connectors","7":"product_cat-standard-adaptors","9":"first","10":"instock","11":"product-type-simple"},"acf":[],"_links":{"self":[{"href":"https:\/\/dev.bespeco.it\/en\/wp-json\/wp\/v2\/product\/45437","targetHints":{"allow":["GET"]}}],"collection":[{"href":"https:\/\/dev.bespeco.it\/en\/wp-json\/wp\/v2\/product"}],"about":[{"href":"https:\/\/dev.bespeco.it\/en\/wp-json\/wp\/v2\/types\/product"}],"wp:featuredmedia":[{"embeddable":true,"href":"https:\/\/dev.bespeco.it\/en\/wp-json\/wp\/v2\/media\/33440"}],"wp:attachment":[{"href":"https:\/\/dev.bespeco.it\/en\/wp-json\/wp\/v2\/media?parent=45437"}],"wp:term":[{"taxonomy":"product_brand","embeddable":true,"href":"https:\/\/dev.bespeco.it\/en\/wp-json\/wp\/v2\/product_brand?post=45437"},{"taxonomy":"product_cat","embeddable":true,"href":"https:\/\/dev.bespeco.it\/en\/wp-json\/wp\/v2\/product_cat?post=45437"},{"taxonomy":"product_tag","embeddable":true,"href":"https:\/\/dev.bespeco.it\/en\/wp-json\/wp\/v2\/product_tag?post=45437"}],"curies":[{"name":"wp","href":"https:\/\/api.w.org\/{rel}","templated":true}]}}