{"id":45454,"date":"2023-07-14T08:57:07","date_gmt":"2023-07-14T08:57:07","guid":{"rendered":"https:\/\/dev.bespeco.it\/prodotto\/ad30-2\/"},"modified":"2025-03-17T09:58:25","modified_gmt":"2025-03-17T09:58:25","slug":"ad30","status":"publish","type":"product","link":"https:\/\/dev.bespeco.it\/en\/prodotti\/ad30\/","title":{"rendered":"AD30 &#8211; Adapter from \u00d8 6,3 mm stereo jack plug to two \u00d8 6,3 mm stereo jack sockets"},"content":{"rendered":"","protected":false},"excerpt":{"rendered":"<p>Adapter from \u00d8 6,3 mm diameter stereo jack plug to two \u00d8 6,3 mm diameter stereo jack sockets.<\/p>\n","protected":false},"featured_media":33476,"template":"","meta":{"_acf_changed":false},"product_brand":[],"product_cat":[2139,2200],"product_tag":[],"class_list":{"0":"post-45454","1":"product","2":"type-product","3":"status-publish","4":"has-post-thumbnail","6":"product_cat-connectors","7":"product_cat-standard-adaptors","9":"first","10":"instock","11":"product-type-simple"},"acf":[],"_links":{"self":[{"href":"https:\/\/dev.bespeco.it\/en\/wp-json\/wp\/v2\/product\/45454","targetHints":{"allow":["GET"]}}],"collection":[{"href":"https:\/\/dev.bespeco.it\/en\/wp-json\/wp\/v2\/product"}],"about":[{"href":"https:\/\/dev.bespeco.it\/en\/wp-json\/wp\/v2\/types\/product"}],"wp:featuredmedia":[{"embeddable":true,"href":"https:\/\/dev.bespeco.it\/en\/wp-json\/wp\/v2\/media\/33476"}],"wp:attachment":[{"href":"https:\/\/dev.bespeco.it\/en\/wp-json\/wp\/v2\/media?parent=45454"}],"wp:term":[{"taxonomy":"product_brand","embeddable":true,"href":"https:\/\/dev.bespeco.it\/en\/wp-json\/wp\/v2\/product_brand?post=45454"},{"taxonomy":"product_cat","embeddable":true,"href":"https:\/\/dev.bespeco.it\/en\/wp-json\/wp\/v2\/product_cat?post=45454"},{"taxonomy":"product_tag","embeddable":true,"href":"https:\/\/dev.bespeco.it\/en\/wp-json\/wp\/v2\/product_tag?post=45454"}],"curies":[{"name":"wp","href":"https:\/\/api.w.org\/{rel}","templated":true}]}}