{"id":54628,"date":"2024-07-25T15:14:03","date_gmt":"2024-07-25T15:14:03","guid":{"rendered":"https:\/\/dev.bespeco.it\/?post_type=product&#038;p=54628"},"modified":"2025-03-17T10:01:46","modified_gmt":"2025-03-17T10:01:46","slug":"ad190m-metal-adaptor-from-6-3-mm-stereo-jack-plug-to-3-5-mm-stereo-jack-socket","status":"publish","type":"product","link":"https:\/\/dev.bespeco.it\/en\/prodotti\/ad190m-metal-adaptor-from-6-3-mm-stereo-jack-plug-to-3-5-mm-stereo-jack-socket\/","title":{"rendered":"AD190M &#8211; Adapter from \u00d8 6,3 mm stereo jack plug to \u00d8 3,5 mm stereo jack socket"},"content":{"rendered":"","protected":false},"excerpt":{"rendered":"<p>Metal adapter from \u00d8 6,3 mm diameter stereo jack plug to \u00d8 3,5 mm diameter stereo jack socket.<\/p>\n","protected":false},"featured_media":55036,"template":"","meta":{"_acf_changed":false},"product_brand":[],"product_cat":[2139,2200],"product_tag":[],"class_list":{"0":"post-54628","1":"product","2":"type-product","3":"status-publish","4":"has-post-thumbnail","6":"product_cat-connectors","7":"product_cat-standard-adaptors","9":"first","10":"instock","11":"product-type-simple"},"acf":[],"_links":{"self":[{"href":"https:\/\/dev.bespeco.it\/en\/wp-json\/wp\/v2\/product\/54628","targetHints":{"allow":["GET"]}}],"collection":[{"href":"https:\/\/dev.bespeco.it\/en\/wp-json\/wp\/v2\/product"}],"about":[{"href":"https:\/\/dev.bespeco.it\/en\/wp-json\/wp\/v2\/types\/product"}],"wp:featuredmedia":[{"embeddable":true,"href":"https:\/\/dev.bespeco.it\/en\/wp-json\/wp\/v2\/media\/55036"}],"wp:attachment":[{"href":"https:\/\/dev.bespeco.it\/en\/wp-json\/wp\/v2\/media?parent=54628"}],"wp:term":[{"taxonomy":"product_brand","embeddable":true,"href":"https:\/\/dev.bespeco.it\/en\/wp-json\/wp\/v2\/product_brand?post=54628"},{"taxonomy":"product_cat","embeddable":true,"href":"https:\/\/dev.bespeco.it\/en\/wp-json\/wp\/v2\/product_cat?post=54628"},{"taxonomy":"product_tag","embeddable":true,"href":"https:\/\/dev.bespeco.it\/en\/wp-json\/wp\/v2\/product_tag?post=54628"}],"curies":[{"name":"wp","href":"https:\/\/api.w.org\/{rel}","templated":true}]}}